{"id":2545,"date":"2025-09-08T11:11:16","date_gmt":"2025-09-08T09:11:16","guid":{"rendered":"https:\/\/teldartravel.com\/?page_id=2545"},"modified":"2025-09-08T11:11:16","modified_gmt":"2025-09-08T09:11:16","slug":"homebackup","status":"publish","type":"page","link":"https:\/\/teldartravel.com\/pt\/homebackup\/","title":{"rendered":"HomeBACKUP"},"content":{"rendered":"","protected":false},"excerpt":{"rendered":"","protected":false},"author":203798531,"featured_media":0,"parent":0,"menu_order":0,"comment_status":"open","ping_status":"closed","template":"","meta":{"_crdt_document":"","jetpack_post_was_ever_published":false,"footnotes":""},"class_list":["post-2545","page","type-page","status-publish","hentry"],"yoast_head":"<!-- This site is optimized with the Yoast SEO plugin v27.3 - https:\/\/yoast.com\/product\/yoast-seo-wordpress\/ -->\n<title>Plateforme de r\u00e9servation d&#039;h\u00f4tels B2B pour agents de voyage<\/title>\n<meta name=\"description\" content=\"R\u00e9servez vos h\u00f4tels, activit\u00e9s et transferts avec Teldar Travel et acc\u00e9dez \u00e0 un inventaire de plus de 2 millions d\u2019h\u00e9bergements dans 180 pays. Inscrivez votre agence gratuitement.\" \/>\n<meta name=\"robots\" content=\"index, follow, max-snippet:-1, max-image-preview:large, max-video-preview:-1\" \/>\n<link rel=\"canonical\" href=\"https:\/\/teldartravel.com\/pt\/homebackup\/\" \/>\n<meta property=\"og:locale\" content=\"pt_PT\" \/>\n<meta property=\"og:type\" content=\"article\" \/>\n<meta property=\"og:title\" content=\"Plateforme de r\u00e9servation d&#039;h\u00f4tels B2B pour agents de voyage\" \/>\n<meta property=\"og:description\" content=\"R\u00e9servez vos h\u00f4tels, activit\u00e9s et transferts avec Teldar Travel et acc\u00e9dez \u00e0 un inventaire de plus de 2 millions d\u2019h\u00e9bergements dans 180 pays. Inscrivez votre agence gratuitement.\" \/>\n<meta property=\"og:url\" content=\"https:\/\/teldartravel.com\/pt\/homebackup\/\" \/>\n<meta property=\"og:site_name\" content=\"Teldar Travel\" \/>\n<meta property=\"article:publisher\" content=\"https:\/\/www.facebook.com\/teldartravel\/\" \/>\n<meta name=\"twitter:card\" content=\"summary_large_image\" \/>\n<script type=\"application\/ld+json\" class=\"yoast-schema-graph\">{\"@context\":\"https:\\\/\\\/schema.org\",\"@graph\":[{\"@type\":\"WebPage\",\"@id\":\"https:\\\/\\\/teldartravel.com\\\/homebackup\\\/\",\"url\":\"https:\\\/\\\/teldartravel.com\\\/homebackup\\\/\",\"name\":\"Plateforme de r\u00e9servation d'h\u00f4tels B2B pour agents de voyage\",\"isPartOf\":{\"@id\":\"https:\\\/\\\/teldartravel.com\\\/#website\"},\"datePublished\":\"2025-09-08T09:11:16+00:00\",\"description\":\"R\u00e9servez vos h\u00f4tels, activit\u00e9s et transferts avec Teldar Travel et acc\u00e9dez \u00e0 un inventaire de plus de 2 millions d\u2019h\u00e9bergements dans 180 pays. Inscrivez votre agence gratuitement.\",\"breadcrumb\":{\"@id\":\"https:\\\/\\\/teldartravel.com\\\/homebackup\\\/#breadcrumb\"},\"inLanguage\":\"pt-PT\",\"potentialAction\":[{\"@type\":\"ReadAction\",\"target\":[\"https:\\\/\\\/teldartravel.com\\\/homebackup\\\/\"]}]},{\"@type\":\"BreadcrumbList\",\"@id\":\"https:\\\/\\\/teldartravel.com\\\/homebackup\\\/#breadcrumb\",\"itemListElement\":[{\"@type\":\"ListItem\",\"position\":1,\"name\":\"Accueil\",\"item\":\"https:\\\/\\\/teldartravel.com\\\/\"},{\"@type\":\"ListItem\",\"position\":2,\"name\":\"HomeBACKUP\"}]},{\"@type\":\"WebSite\",\"@id\":\"https:\\\/\\\/teldartravel.com\\\/#website\",\"url\":\"https:\\\/\\\/teldartravel.com\\\/\",\"name\":\"Teldar Travel\",\"description\":\"La plateforme de r\u00e9servation n\u00b01 en France\",\"publisher\":{\"@id\":\"https:\\\/\\\/teldartravel.com\\\/#organization\"},\"potentialAction\":[{\"@type\":\"SearchAction\",\"target\":{\"@type\":\"EntryPoint\",\"urlTemplate\":\"https:\\\/\\\/teldartravel.com\\\/?s={search_term_string}\"},\"query-input\":{\"@type\":\"PropertyValueSpecification\",\"valueRequired\":true,\"valueName\":\"search_term_string\"}}],\"inLanguage\":\"pt-PT\"},{\"@type\":\"Organization\",\"@id\":\"https:\\\/\\\/teldartravel.com\\\/#organization\",\"name\":\"Teldar Travel\",\"url\":\"https:\\\/\\\/teldartravel.com\\\/\",\"logo\":{\"@type\":\"ImageObject\",\"inLanguage\":\"pt-PT\",\"@id\":\"https:\\\/\\\/teldartravel.com\\\/#\\\/schema\\\/logo\\\/image\\\/\",\"url\":\"https:\\\/\\\/teldartravel.com\\\/wp-content\\\/uploads\\\/2025\\\/03\\\/tt.png\",\"contentUrl\":\"https:\\\/\\\/teldartravel.com\\\/wp-content\\\/uploads\\\/2025\\\/03\\\/tt.png\",\"width\":584,\"height\":167,\"caption\":\"Teldar Travel\"},\"image\":{\"@id\":\"https:\\\/\\\/teldartravel.com\\\/#\\\/schema\\\/logo\\\/image\\\/\"},\"sameAs\":[\"https:\\\/\\\/www.facebook.com\\\/teldartravel\\\/\",\"https:\\\/\\\/www.linkedin.com\\\/company\\\/teldar-travel\\\/\",\"https:\\\/\\\/www.youtube.com\\\/@Teldar-Travel\"]}]}<\/script>\n<!-- \/ Yoast SEO plugin. -->","yoast_head_json":{"title":"Teldar Travel | Plataforma de Reservas de Hot\u00e9is B2B para Agentes de Viagens","description":"Reserve seus hot\u00e9is, atividades e transfers com a Teldar Travel e tenha acesso a um invent\u00e1rio com mais de 2 milh\u00f5es de acomoda\u00e7\u00f5es em 180 pa\u00edses. Cadastre sua ag\u00eancia gratuitamente.","robots":{"index":"index","follow":"follow","max-snippet":"max-snippet:-1","max-image-preview":"max-image-preview:large","max-video-preview":"max-video-preview:-1"},"canonical":"https:\/\/teldartravel.com\/pt\/homebackup\/","og_locale":"pt_PT","og_type":"article","og_title":"Plateforme de r\u00e9servation d'h\u00f4tels B2B pour agents de voyage","og_description":"R\u00e9servez vos h\u00f4tels, activit\u00e9s et transferts avec Teldar Travel et acc\u00e9dez \u00e0 un inventaire de plus de 2 millions d\u2019h\u00e9bergements dans 180 pays. Inscrivez votre agence gratuitement.","og_url":"https:\/\/teldartravel.com\/pt\/homebackup\/","og_site_name":"Teldar Travel","article_publisher":"https:\/\/www.facebook.com\/teldartravel\/","twitter_card":"summary_large_image","schema":{"@context":"https:\/\/schema.org","@graph":[{"@type":"WebPage","@id":"https:\/\/teldartravel.com\/homebackup\/","url":"https:\/\/teldartravel.com\/homebackup\/","name":"Teldar Travel | Plataforma de Reservas de Hot\u00e9is B2B para Agentes de Viagens","isPartOf":{"@id":"https:\/\/teldartravel.com\/#website"},"datePublished":"2025-09-08T09:11:16+00:00","description":"Reserve seus hot\u00e9is, atividades e transfers com a Teldar Travel e tenha acesso a um invent\u00e1rio com mais de 2 milh\u00f5es de acomoda\u00e7\u00f5es em 180 pa\u00edses. Cadastre sua ag\u00eancia gratuitamente.","breadcrumb":{"@id":"https:\/\/teldartravel.com\/homebackup\/#breadcrumb"},"inLanguage":"pt-PT","potentialAction":[{"@type":"ReadAction","target":["https:\/\/teldartravel.com\/homebackup\/"]}]},{"@type":"BreadcrumbList","@id":"https:\/\/teldartravel.com\/homebackup\/#breadcrumb","itemListElement":[{"@type":"ListItem","position":1,"name":"Accueil","item":"https:\/\/teldartravel.com\/"},{"@type":"ListItem","position":2,"name":"HomeBACKUP"}]},{"@type":"WebSite","@id":"https:\/\/teldartravel.com\/#website","url":"https:\/\/teldartravel.com\/","name":"Teldar Travel","description":"La plateforme de r\u00e9servation n\u00b01 en France","publisher":{"@id":"https:\/\/teldartravel.com\/#organization"},"potentialAction":[{"@type":"SearchAction","target":{"@type":"EntryPoint","urlTemplate":"https:\/\/teldartravel.com\/?s={search_term_string}"},"query-input":{"@type":"PropertyValueSpecification","valueRequired":true,"valueName":"search_term_string"}}],"inLanguage":"pt-PT"},{"@type":"Organization","@id":"https:\/\/teldartravel.com\/#organization","name":"Teldar Travel","url":"https:\/\/teldartravel.com\/","logo":{"@type":"ImageObject","inLanguage":"pt-PT","@id":"https:\/\/teldartravel.com\/#\/schema\/logo\/image\/","url":"https:\/\/teldartravel.com\/wp-content\/uploads\/2025\/03\/tt.png","contentUrl":"https:\/\/teldartravel.com\/wp-content\/uploads\/2025\/03\/tt.png","width":584,"height":167,"caption":"Teldar Travel"},"image":{"@id":"https:\/\/teldartravel.com\/#\/schema\/logo\/image\/"},"sameAs":["https:\/\/www.facebook.com\/teldartravel\/","https:\/\/www.linkedin.com\/company\/teldar-travel\/","https:\/\/www.youtube.com\/@Teldar-Travel"]}]}},"jetpack_likes_enabled":true,"jetpack_sharing_enabled":true,"jetpack_shortlink":"https:\/\/wp.me\/Pgf3Mv-F3","jetpack-related-posts":[],"_links":{"self":[{"href":"https:\/\/teldartravel.com\/pt\/wp-json\/wp\/v2\/pages\/2545","targetHints":{"allow":["GET"]}}],"collection":[{"href":"https:\/\/teldartravel.com\/pt\/wp-json\/wp\/v2\/pages"}],"about":[{"href":"https:\/\/teldartravel.com\/pt\/wp-json\/wp\/v2\/types\/page"}],"author":[{"embeddable":true,"href":"https:\/\/teldartravel.com\/pt\/wp-json\/wp\/v2\/users\/203798531"}],"replies":[{"embeddable":true,"href":"https:\/\/teldartravel.com\/pt\/wp-json\/wp\/v2\/comments?post=2545"}],"version-history":[{"count":1,"href":"https:\/\/teldartravel.com\/pt\/wp-json\/wp\/v2\/pages\/2545\/revisions"}],"predecessor-version":[{"id":2546,"href":"https:\/\/teldartravel.com\/pt\/wp-json\/wp\/v2\/pages\/2545\/revisions\/2546"}],"wp:attachment":[{"href":"https:\/\/teldartravel.com\/pt\/wp-json\/wp\/v2\/media?parent=2545"}],"curies":[{"name":"wp","href":"https:\/\/api.w.org\/{rel}","templated":true}]}}